{"id":148,"date":"2024-02-01T10:39:10","date_gmt":"2024-02-01T10:39:10","guid":{"rendered":"https:\/\/demo.blockskit.com\/corporate-pro-2\/?page_id=59"},"modified":"2025-09-09T08:04:52","modified_gmt":"2025-09-09T08:04:52","slug":"testimonial","status":"publish","type":"page","link":"https:\/\/jyprimeconsulting.com\/fr\/testimonial\/","title":{"rendered":"La confiance de nos clients"},"content":{"rendered":"\n<div class=\"wp-block-group has-global-padding is-layout-constrained wp-block-group-is-layout-constrained\">\n<div class=\"wp-block-group alignfull has-surface-background-color has-background has-global-padding is-layout-constrained wp-container-core-group-is-layout-315dd1e7 wp-block-group-is-layout-constrained\" style=\"margin-top:0;margin-bottom:0;padding-top:100px;padding-right:var(--wp--preset--spacing--x-small);padding-bottom:100px;padding-left:var(--wp--preset--spacing--x-small)\">\n<div class=\"wp-block-group is-layout-grid wp-container-core-group-is-layout-59e214e1 wp-block-group-is-layout-grid\">\n<div class=\"wp-block-group has-pure-white-background-color has-background has-global-padding is-layout-constrained wp-container-core-group-is-layout-6587aa91 wp-block-group-is-layout-constrained\" style=\"padding-top:var(--wp--preset--spacing--large);padding-right:var(--wp--preset--spacing--large);padding-bottom:var(--wp--preset--spacing--large);padding-left:var(--wp--preset--spacing--large)\">\n<p class=\"has-text-align-left has-medium-font-size\">JY Prime Consulting nous a fourni des conseils d\u2019experts, rendant notre reporting financier simple et efficace. Leur souci du d\u00e9tail et leurs explications claires ont permis \u00e0 notre \u00e9quipe de gagner du temps tout en am\u00e9liorant la pr\u00e9cision et la fiabilit\u00e9.<\/p>\n\n\n\n<div class=\"wp-block-group is-nowrap is-layout-flex wp-container-core-group-is-layout-6c531013 wp-block-group-is-layout-flex\">\n<figure class=\"wp-block-image size-full is-resized has-custom-border\"><img decoding=\"async\" src=\"http:\/\/jyprimeconsulting.com\/wp-content\/uploads\/2025\/06\/review-img1.png\" alt=\"\" class=\"wp-image-242\" style=\"border-radius:100%;width:60px\"\/><\/figure>\n\n\n\n<div class=\"wp-block-group has-global-padding is-layout-constrained wp-container-core-group-is-layout-19e250f3 wp-block-group-is-layout-constrained\">\n<h5 class=\"wp-block-heading\" style=\"font-style:normal;font-weight:600\">Ronald P.<\/h5>\n\n\n\n<p class=\"has-highlight-color has-text-color has-link-color wp-elements-20f15bc57d0f5775e1e2b748986a5ff2\">Client<\/p>\n<\/div>\n<\/div>\n<\/div>\n\n\n\n<div class=\"wp-block-group has-pure-white-background-color has-background has-global-padding is-layout-constrained wp-container-core-group-is-layout-6587aa91 wp-block-group-is-layout-constrained\" style=\"padding-top:var(--wp--preset--spacing--large);padding-right:var(--wp--preset--spacing--large);padding-bottom:var(--wp--preset--spacing--large);padding-left:var(--wp--preset--spacing--large)\">\n<p class=\"has-medium-font-size\">Gr\u00e2ce \u00e0 leurs conseils fiscaux strat\u00e9giques, nous avons pu identifier des \u00e9conomies significatives et optimiser nos d\u00e9clarations. Leur \u00e9quipe a rendu un processus habituellement complexe simple et sans stress.<\/p>\n\n\n\n<div class=\"wp-block-group is-nowrap is-layout-flex wp-container-core-group-is-layout-6c531013 wp-block-group-is-layout-flex\">\n<figure class=\"wp-block-image size-full is-resized has-custom-border\"><img decoding=\"async\" src=\"http:\/\/jyprimeconsulting.com\/wp-content\/uploads\/2025\/06\/review-img2.png\" alt=\"\" class=\"wp-image-218\" style=\"border-radius:100%;width:60px\"\/><\/figure>\n\n\n\n<div class=\"wp-block-group has-global-padding is-layout-constrained wp-container-core-group-is-layout-19e250f3 wp-block-group-is-layout-constrained\">\n<h5 class=\"wp-block-heading\" style=\"font-style:normal;font-weight:600\">Sonia H.<\/h5>\n\n\n\n<p class=\"has-highlight-color has-text-color has-link-color wp-elements-20f15bc57d0f5775e1e2b748986a5ff2\">Client<\/p>\n<\/div>\n<\/div>\n<\/div>\n\n\n\n<div class=\"wp-block-group has-pure-white-background-color has-background has-global-padding is-layout-constrained wp-container-core-group-is-layout-6587aa91 wp-block-group-is-layout-constrained\" style=\"padding-top:var(--wp--preset--spacing--large);padding-right:var(--wp--preset--spacing--large);padding-bottom:var(--wp--preset--spacing--large);padding-left:var(--wp--preset--spacing--large)\">\n<p class=\"has-medium-font-size\">Ils nous ont aid\u00e9s \u00e0 cr\u00e9er un budget pr\u00e9visionnel clair et concret pour notre entreprise. Leurs analyses et leur approche structur\u00e9e nous ont donn\u00e9 la confiance n\u00e9cessaire pour prendre des d\u00e9cisions strat\u00e9giques avec des r\u00e9sultats mesurables.<\/p>\n\n\n\n<div class=\"wp-block-group is-nowrap is-layout-flex wp-container-core-group-is-layout-6c531013 wp-block-group-is-layout-flex\">\n<figure class=\"wp-block-image size-full is-resized has-custom-border\"><img decoding=\"async\" src=\"http:\/\/jyprimeconsulting.com\/wp-content\/uploads\/2025\/06\/review-img6-1.png\" alt=\"\" class=\"wp-image-245\" style=\"border-radius:100%;width:60px\"\/><\/figure>\n\n\n\n<div class=\"wp-block-group has-global-padding is-layout-constrained wp-container-core-group-is-layout-19e250f3 wp-block-group-is-layout-constrained\">\n<h5 class=\"wp-block-heading\" style=\"font-style:normal;font-weight:600\">Nadia C.<\/h5>\n\n\n\n<p class=\"has-highlight-color has-text-color has-link-color wp-elements-20f15bc57d0f5775e1e2b748986a5ff2\">Client<\/p>\n<\/div>\n<\/div>\n<\/div>\n\n\n\n<div class=\"wp-block-group has-pure-white-background-color has-background has-global-padding is-layout-constrained wp-container-core-group-is-layout-6587aa91 wp-block-group-is-layout-constrained\" style=\"padding-top:var(--wp--preset--spacing--large);padding-right:var(--wp--preset--spacing--large);padding-bottom:var(--wp--preset--spacing--large);padding-left:var(--wp--preset--spacing--large)\">\n<p class=\"has-medium-font-size\">Avec leur accompagnement en budg\u00e9tisation et pr\u00e9visions, nous disposons d\u00e9sormais d\u2019une vision en temps r\u00e9el de nos finances. Leurs conseils nous ont permis de prendre des d\u00e9cisions d\u2019affaires plus intelligentes et bas\u00e9es sur les donn\u00e9es.<\/p>\n\n\n\n<div class=\"wp-block-group is-nowrap is-layout-flex wp-container-core-group-is-layout-6c531013 wp-block-group-is-layout-flex\">\n<figure class=\"wp-block-image size-full is-resized has-custom-border\"><img decoding=\"async\" src=\"http:\/\/jyprimeconsulting.com\/wp-content\/uploads\/2025\/06\/review-img4-1.png\" alt=\"\" class=\"wp-image-246\" style=\"border-radius:100%;width:60px\"\/><\/figure>\n\n\n\n<div class=\"wp-block-group has-global-padding is-layout-constrained wp-container-core-group-is-layout-19e250f3 wp-block-group-is-layout-constrained\">\n<h5 class=\"wp-block-heading\" style=\"font-style:normal;font-weight:600\">Arnault H.<\/h5>\n\n\n\n<p class=\"has-highlight-color has-text-color has-link-color wp-elements-20f15bc57d0f5775e1e2b748986a5ff2\">Client<\/p>\n<\/div>\n<\/div>\n<\/div>\n\n\n\n<div class=\"wp-block-group has-pure-white-background-color has-background has-global-padding is-layout-constrained wp-container-core-group-is-layout-6587aa91 wp-block-group-is-layout-constrained\" style=\"padding-top:var(--wp--preset--spacing--large);padding-right:var(--wp--preset--spacing--large);padding-bottom:var(--wp--preset--spacing--large);padding-left:var(--wp--preset--spacing--large)\">\n<p class=\"has-medium-font-size\">Nous avons fait appel \u00e0 JY Prime Consulting pour un audit et une r\u00e9vision d\u2019assurance, et leur \u00e9quipe s\u2019est montr\u00e9e rigoureuse, professionnelle et fiable. Chaque d\u00e9tail a \u00e9t\u00e9 pris en compte, nous donnant une totale confiance dans nos \u00e9tats financiers.<\/p>\n\n\n\n<div class=\"wp-block-group is-nowrap is-layout-flex wp-container-core-group-is-layout-6c531013 wp-block-group-is-layout-flex\">\n<figure class=\"wp-block-image size-full is-resized has-custom-border\"><img decoding=\"async\" src=\"http:\/\/jyprimeconsulting.com\/wp-content\/uploads\/2025\/06\/review-img3-1.png\" alt=\"\" class=\"wp-image-244\" style=\"border-radius:100%;width:60px\"\/><\/figure>\n\n\n\n<div class=\"wp-block-group has-global-padding is-layout-constrained wp-container-core-group-is-layout-19e250f3 wp-block-group-is-layout-constrained\">\n<h5 class=\"wp-block-heading\" style=\"font-style:normal;font-weight:600\">Antoine G.<\/h5>\n\n\n\n<p class=\"has-highlight-color has-text-color has-link-color wp-elements-20f15bc57d0f5775e1e2b748986a5ff2\">Client<\/p>\n<\/div>\n<\/div>\n<\/div>\n\n\n\n<div class=\"wp-block-group has-pure-white-background-color has-background has-global-padding is-layout-constrained wp-container-core-group-is-layout-6587aa91 wp-block-group-is-layout-constrained\" style=\"padding-top:var(--wp--preset--spacing--large);padding-right:var(--wp--preset--spacing--large);padding-bottom:var(--wp--preset--spacing--large);padding-left:var(--wp--preset--spacing--large)\">\n<p class=\"has-medium-font-size\">Leur conseil financier sur les options d\u2019investissement a \u00e9t\u00e9 pertinent et pratique. Gr\u00e2ce \u00e0 leur accompagnement, nous avons pu prendre des d\u00e9cisions \u00e9clair\u00e9es, en accord avec nos objectifs et notre tol\u00e9rance au risque.<\/p>\n\n\n\n<div class=\"wp-block-group is-nowrap is-layout-flex wp-container-core-group-is-layout-6c531013 wp-block-group-is-layout-flex\">\n<figure class=\"wp-block-image size-full is-resized has-custom-border\"><img decoding=\"async\" src=\"http:\/\/jyprimeconsulting.com\/wp-content\/uploads\/2025\/06\/review-img5-1.png\" alt=\"\" class=\"wp-image-247\" style=\"border-radius:100%;width:60px\"\/><\/figure>\n\n\n\n<div class=\"wp-block-group has-global-padding is-layout-constrained wp-container-core-group-is-layout-19e250f3 wp-block-group-is-layout-constrained\">\n<h5 class=\"wp-block-heading\" style=\"font-style:normal;font-weight:600\">Nicolas M.<\/h5>\n\n\n\n<p class=\"has-highlight-color has-text-color has-link-color wp-elements-20f15bc57d0f5775e1e2b748986a5ff2\">Client<\/p>\n<\/div>\n<\/div>\n<\/div>\n<\/div>\n<\/div>\n<\/div>\n","protected":false},"excerpt":{"rendered":"<p>JY Prime Consulting nous a fourni des conseils d\u2019experts, rendant notre reporting financier simple et efficace. Leur souci du d\u00e9tail et leurs explications claires ont permis \u00e0 notre \u00e9quipe de gagner du temps tout en am\u00e9liorant la pr\u00e9cision et la fiabilit\u00e9. Ronald P. Client Gr\u00e2ce \u00e0 leurs conseils fiscaux strat\u00e9giques, nous avons pu identifier des [&hellip;]<\/p>\n","protected":false},"author":1,"featured_media":0,"parent":0,"menu_order":0,"comment_status":"closed","ping_status":"closed","template":"page-no-gap","meta":{"footnotes":""},"class_list":["post-148","page","type-page","status-publish","hentry"],"yoast_head":"<!-- This site is optimized with the Yoast SEO plugin v27.4 - https:\/\/yoast.com\/product\/yoast-seo-wordpress\/ -->\n<title>La confiance de nos clients<\/title>\n<meta name=\"robots\" content=\"index, follow, max-snippet:-1, max-image-preview:large, max-video-preview:-1\" \/>\n<link rel=\"canonical\" href=\"https:\/\/jyprimeconsulting.com\/fr\/testimonial\/\" \/>\n<meta property=\"og:locale\" content=\"fr_FR\" \/>\n<meta property=\"og:locale:alternate\" content=\"en_US\" \/>\n<meta property=\"og:type\" content=\"article\" \/>\n<meta property=\"og:title\" content=\"La confiance de nos clients\" \/>\n<meta property=\"og:description\" content=\"JY Prime Consulting nous a fourni des conseils d\u2019experts, rendant notre reporting financier simple et efficace. Leur souci du d\u00e9tail et leurs explications claires ont permis \u00e0 notre \u00e9quipe de gagner du temps tout en am\u00e9liorant la pr\u00e9cision et la fiabilit\u00e9. Ronald P. Client Gr\u00e2ce \u00e0 leurs conseils fiscaux strat\u00e9giques, nous avons pu identifier des [&hellip;]\" \/>\n<meta property=\"og:url\" content=\"https:\/\/jyprimeconsulting.com\/fr\/testimonial\/\" \/>\n<meta property=\"og:site_name\" content=\"JY Prime Consulting\" \/>\n<meta property=\"article:modified_time\" content=\"2025-09-09T08:04:52+00:00\" \/>\n<meta name=\"twitter:card\" content=\"summary_large_image\" \/>\n<meta name=\"twitter:label1\" content=\"Dur\u00e9e de lecture estim\u00e9e\" \/>\n\t<meta name=\"twitter:data1\" content=\"3 minutes\" \/>\n<script type=\"application\/ld+json\" class=\"yoast-schema-graph\">{\"@context\":\"https:\\\/\\\/schema.org\",\"@graph\":[{\"@type\":\"WebPage\",\"@id\":\"https:\\\/\\\/jyprimeconsulting.com\\\/en\\\/testimonial\\\/\",\"url\":\"https:\\\/\\\/jyprimeconsulting.com\\\/en\\\/testimonial\\\/\",\"name\":\"La confiance de nos clients\",\"isPartOf\":{\"@id\":\"https:\\\/\\\/jyprimeconsulting.com\\\/en\\\/#website\"},\"primaryImageOfPage\":{\"@id\":\"https:\\\/\\\/jyprimeconsulting.com\\\/en\\\/testimonial\\\/#primaryimage\"},\"image\":{\"@id\":\"https:\\\/\\\/jyprimeconsulting.com\\\/en\\\/testimonial\\\/#primaryimage\"},\"thumbnailUrl\":\"http:\\\/\\\/jyprimeconsulting.com\\\/wp-content\\\/uploads\\\/2025\\\/06\\\/review-img1.png\",\"datePublished\":\"2024-02-01T10:39:10+00:00\",\"dateModified\":\"2025-09-09T08:04:52+00:00\",\"breadcrumb\":{\"@id\":\"https:\\\/\\\/jyprimeconsulting.com\\\/en\\\/testimonial\\\/#breadcrumb\"},\"inLanguage\":\"fr-FR\",\"potentialAction\":[{\"@type\":\"ReadAction\",\"target\":[\"https:\\\/\\\/jyprimeconsulting.com\\\/en\\\/testimonial\\\/\"]}]},{\"@type\":\"ImageObject\",\"inLanguage\":\"fr-FR\",\"@id\":\"https:\\\/\\\/jyprimeconsulting.com\\\/en\\\/testimonial\\\/#primaryimage\",\"url\":\"http:\\\/\\\/jyprimeconsulting.com\\\/wp-content\\\/uploads\\\/2025\\\/06\\\/review-img1.png\",\"contentUrl\":\"http:\\\/\\\/jyprimeconsulting.com\\\/wp-content\\\/uploads\\\/2025\\\/06\\\/review-img1.png\"},{\"@type\":\"BreadcrumbList\",\"@id\":\"https:\\\/\\\/jyprimeconsulting.com\\\/en\\\/testimonial\\\/#breadcrumb\",\"itemListElement\":[{\"@type\":\"ListItem\",\"position\":1,\"name\":\"Accueil\",\"item\":\"https:\\\/\\\/jyprimeconsulting.com\\\/en\\\/\"},{\"@type\":\"ListItem\",\"position\":2,\"name\":\"La confiance de nos clients\"}]},{\"@type\":\"WebSite\",\"@id\":\"https:\\\/\\\/jyprimeconsulting.com\\\/en\\\/#website\",\"url\":\"https:\\\/\\\/jyprimeconsulting.com\\\/en\\\/\",\"name\":\"JY Prime Consulting\",\"description\":\"\",\"publisher\":{\"@id\":\"https:\\\/\\\/jyprimeconsulting.com\\\/en\\\/#organization\"},\"potentialAction\":[{\"@type\":\"SearchAction\",\"target\":{\"@type\":\"EntryPoint\",\"urlTemplate\":\"https:\\\/\\\/jyprimeconsulting.com\\\/en\\\/?s={search_term_string}\"},\"query-input\":{\"@type\":\"PropertyValueSpecification\",\"valueRequired\":true,\"valueName\":\"search_term_string\"}}],\"inLanguage\":\"fr-FR\"},{\"@type\":\"Organization\",\"@id\":\"https:\\\/\\\/jyprimeconsulting.com\\\/en\\\/#organization\",\"name\":\"JY Prime Consulting\",\"url\":\"https:\\\/\\\/jyprimeconsulting.com\\\/en\\\/\",\"logo\":{\"@type\":\"ImageObject\",\"inLanguage\":\"fr-FR\",\"@id\":\"https:\\\/\\\/jyprimeconsulting.com\\\/en\\\/#\\\/schema\\\/logo\\\/image\\\/\",\"url\":\"https:\\\/\\\/jyprimeconsulting.com\\\/wp-content\\\/uploads\\\/2025\\\/08\\\/Black-And-White-Classic-Initials-PS-Consulting-Logo-.png\",\"contentUrl\":\"https:\\\/\\\/jyprimeconsulting.com\\\/wp-content\\\/uploads\\\/2025\\\/08\\\/Black-And-White-Classic-Initials-PS-Consulting-Logo-.png\",\"width\":500,\"height\":500,\"caption\":\"JY Prime Consulting\"},\"image\":{\"@id\":\"https:\\\/\\\/jyprimeconsulting.com\\\/en\\\/#\\\/schema\\\/logo\\\/image\\\/\"},\"sameAs\":[\"https:\\\/\\\/www.linkedin.com\\\/in\\\/jeanjacques-yammine-334171112\\\/\"]}]}<\/script>\n<!-- \/ Yoast SEO plugin. -->","yoast_head_json":{"title":"La confiance de nos clients","robots":{"index":"index","follow":"follow","max-snippet":"max-snippet:-1","max-image-preview":"max-image-preview:large","max-video-preview":"max-video-preview:-1"},"canonical":"https:\/\/jyprimeconsulting.com\/fr\/testimonial\/","og_locale":"fr_FR","og_type":"article","og_title":"[:en]Trusted by Our Clients[:fr]La confiance de nos clients[:] - JY Prime Consulting","og_description":"JY Prime Consulting nous a fourni des conseils d\u2019experts, rendant notre reporting financier simple et efficace. Leur souci du d\u00e9tail et leurs explications claires ont permis \u00e0 notre \u00e9quipe de gagner du temps tout en am\u00e9liorant la pr\u00e9cision et la fiabilit\u00e9. Ronald P. Client Gr\u00e2ce \u00e0 leurs conseils fiscaux strat\u00e9giques, nous avons pu identifier des [&hellip;]","og_url":"https:\/\/jyprimeconsulting.com\/fr\/testimonial\/","og_site_name":"JY Prime Consulting","article_modified_time":"2025-09-09T08:04:52+00:00","twitter_card":"summary_large_image","twitter_misc":{"Dur\u00e9e de lecture estim\u00e9e":"3 minutes"},"schema":{"@context":"https:\/\/schema.org","@graph":[{"@type":"WebPage","@id":"https:\/\/jyprimeconsulting.com\/en\/testimonial\/","url":"https:\/\/jyprimeconsulting.com\/en\/testimonial\/","name":"La confiance de nos clients","isPartOf":{"@id":"https:\/\/jyprimeconsulting.com\/en\/#website"},"primaryImageOfPage":{"@id":"https:\/\/jyprimeconsulting.com\/en\/testimonial\/#primaryimage"},"image":{"@id":"https:\/\/jyprimeconsulting.com\/en\/testimonial\/#primaryimage"},"thumbnailUrl":"http:\/\/jyprimeconsulting.com\/wp-content\/uploads\/2025\/06\/review-img1.png","datePublished":"2024-02-01T10:39:10+00:00","dateModified":"2025-09-09T08:04:52+00:00","breadcrumb":{"@id":"https:\/\/jyprimeconsulting.com\/en\/testimonial\/#breadcrumb"},"inLanguage":"fr-FR","potentialAction":[{"@type":"ReadAction","target":["https:\/\/jyprimeconsulting.com\/en\/testimonial\/"]}]},{"@type":"ImageObject","inLanguage":"fr-FR","@id":"https:\/\/jyprimeconsulting.com\/en\/testimonial\/#primaryimage","url":"http:\/\/jyprimeconsulting.com\/wp-content\/uploads\/2025\/06\/review-img1.png","contentUrl":"http:\/\/jyprimeconsulting.com\/wp-content\/uploads\/2025\/06\/review-img1.png"},{"@type":"BreadcrumbList","@id":"https:\/\/jyprimeconsulting.com\/en\/testimonial\/#breadcrumb","itemListElement":[{"@type":"ListItem","position":1,"name":"Accueil","item":"https:\/\/jyprimeconsulting.com\/en\/"},{"@type":"ListItem","position":2,"name":"La confiance de nos clients"}]},{"@type":"WebSite","@id":"https:\/\/jyprimeconsulting.com\/en\/#website","url":"https:\/\/jyprimeconsulting.com\/en\/","name":"JY Prime Consulting","description":"","publisher":{"@id":"https:\/\/jyprimeconsulting.com\/en\/#organization"},"potentialAction":[{"@type":"SearchAction","target":{"@type":"EntryPoint","urlTemplate":"https:\/\/jyprimeconsulting.com\/en\/?s={search_term_string}"},"query-input":{"@type":"PropertyValueSpecification","valueRequired":true,"valueName":"search_term_string"}}],"inLanguage":"fr-FR"},{"@type":"Organization","@id":"https:\/\/jyprimeconsulting.com\/en\/#organization","name":"JY Prime Consulting","url":"https:\/\/jyprimeconsulting.com\/en\/","logo":{"@type":"ImageObject","inLanguage":"fr-FR","@id":"https:\/\/jyprimeconsulting.com\/en\/#\/schema\/logo\/image\/","url":"https:\/\/jyprimeconsulting.com\/wp-content\/uploads\/2025\/08\/Black-And-White-Classic-Initials-PS-Consulting-Logo-.png","contentUrl":"https:\/\/jyprimeconsulting.com\/wp-content\/uploads\/2025\/08\/Black-And-White-Classic-Initials-PS-Consulting-Logo-.png","width":500,"height":500,"caption":"JY Prime Consulting"},"image":{"@id":"https:\/\/jyprimeconsulting.com\/en\/#\/schema\/logo\/image\/"},"sameAs":["https:\/\/www.linkedin.com\/in\/jeanjacques-yammine-334171112\/"]}]}},"_links":{"self":[{"href":"https:\/\/jyprimeconsulting.com\/fr\/wp-json\/wp\/v2\/pages\/148","targetHints":{"allow":["GET"]}}],"collection":[{"href":"https:\/\/jyprimeconsulting.com\/fr\/wp-json\/wp\/v2\/pages"}],"about":[{"href":"https:\/\/jyprimeconsulting.com\/fr\/wp-json\/wp\/v2\/types\/page"}],"author":[{"embeddable":true,"href":"https:\/\/jyprimeconsulting.com\/fr\/wp-json\/wp\/v2\/users\/1"}],"replies":[{"embeddable":true,"href":"https:\/\/jyprimeconsulting.com\/fr\/wp-json\/wp\/v2\/comments?post=148"}],"version-history":[{"count":6,"href":"https:\/\/jyprimeconsulting.com\/fr\/wp-json\/wp\/v2\/pages\/148\/revisions"}],"predecessor-version":[{"id":481,"href":"https:\/\/jyprimeconsulting.com\/fr\/wp-json\/wp\/v2\/pages\/148\/revisions\/481"}],"wp:attachment":[{"href":"https:\/\/jyprimeconsulting.com\/fr\/wp-json\/wp\/v2\/media?parent=148"}],"curies":[{"name":"wp","href":"https:\/\/api.w.org\/{rel}","templated":true}]}}