{"id":154,"date":"2024-02-01T10:28:06","date_gmt":"2024-02-01T10:28:06","guid":{"rendered":"https:\/\/demo.blockskit.com\/corporate-pro-2\/?page_id=44"},"modified":"2025-09-12T14:41:53","modified_gmt":"2025-09-12T14:41:53","slug":"about","status":"publish","type":"page","link":"https:\/\/jyprimeconsulting.com\/fr\/about\/","title":{"rendered":"Notre engagement"},"content":{"rendered":"\n<div class=\"wp-block-group has-global-padding is-layout-constrained wp-container-core-group-is-layout-7db9d80f wp-block-group-is-layout-constrained\" style=\"padding-right:0;padding-left:0\">\n<div class=\"wp-block-group alignfull has-global-padding is-layout-constrained wp-container-core-group-is-layout-8a89457d wp-block-group-is-layout-constrained\" style=\"margin-top:100px;margin-bottom:100px;padding-right:var(--wp--preset--spacing--x-small);padding-left:var(--wp--preset--spacing--x-small)\">\n<div class=\"wp-block-columns is-layout-flex wp-container-core-columns-is-layout-9859d175 wp-block-columns-is-layout-flex\">\n<div class=\"wp-block-column is-vertically-aligned-center is-layout-flow wp-block-column-is-layout-flow\" style=\"flex-basis:55%\">\n<div class=\"wp-block-group has-global-padding is-layout-constrained wp-container-core-group-is-layout-7d0d3654 wp-block-group-is-layout-constrained\">\n<h6 class=\"wp-block-heading has-text-align-left has-highlight-color has-text-color has-link-color has-body-font-family has-x-small-font-size wp-elements-d07307dbda1a2d67839966d1e933d1ba\">INTRODUCTION <\/h6>\n\n\n\n<h3 class=\"wp-block-heading has-text-align-left has-body-font-family has-xxx-large-font-size\" style=\"font-style:normal;font-weight:700;line-height:1.1\">Accompagner les entreprises dans la complexit\u00e9 financi\u00e8re avec confiance<\/h3>\n<\/div>\n\n\n\n<p class=\"has-text-align-left\">Chez JY Prime Consulting, nous aidons les entreprises et les particuliers \u00e0 naviguer dans les complexit\u00e9s de la finance avec clart\u00e9 et assurance. Notre mission est de fournir des solutions concr\u00e8tes et personnalis\u00e9es, favorisant une croissance durable et une cr\u00e9ation de valeur \u00e0 long terme.<\/p>\n<\/div>\n\n\n\n<div class=\"wp-block-column is-vertically-aligned-bottom is-layout-flow wp-container-core-column-is-layout-8a368f38 wp-block-column-is-layout-flow\" style=\"flex-basis:45%\">\n<div class=\"wp-block-group has-pure-white-background-color has-background has-global-padding is-layout-constrained wp-container-core-group-is-layout-c11b22bc wp-block-group-is-layout-constrained\" style=\"padding-top:var(--wp--preset--spacing--small);padding-right:var(--wp--preset--spacing--small);padding-bottom:var(--wp--preset--spacing--small);padding-left:var(--wp--preset--spacing--small);box-shadow:var(--wp--preset--shadow--natural)\">\n<p class=\"has-text-align-center has-primary-color has-text-color has-link-color wp-elements-f998b842720d829a9da0ee4df1b19e53\" style=\"font-size:16px\"><em><strong>\u201cQue vous soyez une start-up, une entreprise en croissance ou une soci\u00e9t\u00e9 bien \u00e9tablie, JY Prime Consulting est l\u00e0 pour vous aider \u00e0 atteindre vos objectifs financiers. Collaborez avec nous et d\u00e9couvrez la diff\u00e9rence que l\u2019expertise et l\u2019engagement peuvent apporter.\u201d<\/strong><\/em><\/p>\n\n\n\n<div class=\"wp-block-group is-content-justification-left is-layout-flex wp-container-core-group-is-layout-c07f6351 wp-block-group-is-layout-flex\">\n<div class=\"wp-block-group is-nowrap is-layout-flex wp-container-core-group-is-layout-6c531013 wp-block-group-is-layout-flex\">\n<figure class=\"wp-block-image size-full is-resized has-custom-border\"><img loading=\"lazy\" decoding=\"async\" width=\"1560\" height=\"2016\" src=\"http:\/\/jyprimeconsulting.com\/wp-content\/uploads\/2025\/08\/Jaco-photo-1.jpg\" alt=\"\" class=\"wp-image-229\" style=\"border-radius:100%;width:40px;height:auto\" srcset=\"https:\/\/jyprimeconsulting.com\/wp-content\/uploads\/2025\/08\/Jaco-photo-1.jpg 1560w, https:\/\/jyprimeconsulting.com\/wp-content\/uploads\/2025\/08\/Jaco-photo-1-232x300.jpg 232w, https:\/\/jyprimeconsulting.com\/wp-content\/uploads\/2025\/08\/Jaco-photo-1-792x1024.jpg 792w, https:\/\/jyprimeconsulting.com\/wp-content\/uploads\/2025\/08\/Jaco-photo-1-768x992.jpg 768w, https:\/\/jyprimeconsulting.com\/wp-content\/uploads\/2025\/08\/Jaco-photo-1-1189x1536.jpg 1189w\" sizes=\"auto, (max-width: 1560px) 100vw, 1560px\" \/><\/figure>\n\n\n\n<div class=\"wp-block-group has-global-padding is-layout-constrained wp-container-core-group-is-layout-19e250f3 wp-block-group-is-layout-constrained\">\n<h5 class=\"wp-block-heading\" style=\"font-style:normal;font-weight:600\">Jeanjacques YAMMINE<\/h5>\n\n\n\n<p class=\"has-highlight-color has-text-color has-link-color has-x-small-font-size wp-elements-fc3d9e169fbcceecf9e5567f15b9e212\">CEO, Director<\/p>\n<\/div>\n<\/div>\n<\/div>\n<\/div>\n<\/div>\n<\/div>\n\n\n\n<div class=\"wp-block-group is-layout-grid wp-container-core-group-is-layout-9a6d1b53 wp-block-group-is-layout-grid\">\n<div class=\"wp-block-group has-border-color has-outline-border-color has-global-padding is-layout-constrained wp-container-core-group-is-layout-9a4c8acf wp-block-group-is-layout-constrained\" style=\"border-width:1px;padding-top:var(--wp--preset--spacing--small);padding-right:var(--wp--preset--spacing--small);padding-bottom:var(--wp--preset--spacing--small);padding-left:var(--wp--preset--spacing--small)\">\n<div class=\"wp-block-group is-nowrap is-layout-flex wp-container-core-group-is-layout-6c531013 wp-block-group-is-layout-flex\">\n<div class=\"wp-block-group wp-container-content-d50df0bc is-nowrap is-layout-flex wp-container-core-group-is-layout-c0d5ccf6 wp-block-group-is-layout-flex\"><\/div>\n\n\n\n<div class=\"wp-block-group has-global-padding is-layout-constrained wp-container-core-group-is-layout-c40a8074 wp-block-group-is-layout-constrained\">\n<h5 class=\"wp-block-heading has-text-align-left\" style=\"font-style:normal;font-weight:600\">Notre Approche<\/h5>\n\n\n\n<p>Notre objectif est de simplifier les d\u00e9fis financiers complexes et de vous donner les moyens de prendre des d\u00e9cisions \u00e9clair\u00e9es.<\/p>\n<\/div>\n<\/div>\n<\/div>\n\n\n\n<div class=\"wp-block-group has-border-color has-outline-border-color has-global-padding is-layout-constrained wp-container-core-group-is-layout-9a4c8acf wp-block-group-is-layout-constrained\" style=\"border-width:1px;padding-top:var(--wp--preset--spacing--small);padding-right:var(--wp--preset--spacing--small);padding-bottom:var(--wp--preset--spacing--small);padding-left:var(--wp--preset--spacing--small)\">\n<div class=\"wp-block-group is-nowrap is-layout-flex wp-container-core-group-is-layout-6c531013 wp-block-group-is-layout-flex\">\n<div class=\"wp-block-group wp-container-content-d50df0bc is-nowrap is-layout-flex wp-container-core-group-is-layout-c0d5ccf6 wp-block-group-is-layout-flex\"><\/div>\n\n\n\n<div class=\"wp-block-group has-global-padding is-layout-constrained wp-container-core-group-is-layout-c40a8074 wp-block-group-is-layout-constrained\">\n<h5 class=\"wp-block-heading\" style=\"font-style:normal;font-weight:600\">Notre expertise<\/h5>\n\n\n\n<p>Chaque entreprise est unique, c\u2019est pourquoi nous proposons des solutions con\u00e7ues sp\u00e9cifiquement pour vos objectifs.<\/p>\n<\/div>\n<\/div>\n<\/div>\n\n\n\n<div class=\"wp-block-group has-border-color has-outline-border-color has-global-padding is-layout-constrained wp-container-core-group-is-layout-9a4c8acf wp-block-group-is-layout-constrained\" style=\"border-width:1px;padding-top:var(--wp--preset--spacing--small);padding-right:var(--wp--preset--spacing--small);padding-bottom:var(--wp--preset--spacing--small);padding-left:var(--wp--preset--spacing--small)\">\n<div class=\"wp-block-group is-nowrap is-layout-flex wp-container-core-group-is-layout-6c531013 wp-block-group-is-layout-flex\">\n<div class=\"wp-block-group wp-container-content-d50df0bc is-nowrap is-layout-flex wp-container-core-group-is-layout-c0d5ccf6 wp-block-group-is-layout-flex\"><\/div>\n\n\n\n<div class=\"wp-block-group has-global-padding is-layout-constrained wp-container-core-group-is-layout-c40a8074 wp-block-group-is-layout-constrained\">\n<h5 class=\"wp-block-heading\" style=\"font-style:normal;font-weight:600\">Nos valeurs<\/h5>\n\n\n\n<p>Nous sommes guid\u00e9s par un ensemble de valeurs fondamentales qui d\u00e9finissent notre mani\u00e8re de travailler avec nos clients et au sein de notre \u00e9quipe.<\/p>\n<\/div>\n<\/div>\n<\/div>\n<\/div>\n\n\n\n<div class=\"wp-block-group has-global-padding is-layout-constrained wp-container-core-group-is-layout-19e250f3 wp-block-group-is-layout-constrained\">\n<div class=\"wp-block-group has-global-padding is-layout-constrained wp-container-core-group-is-layout-66fd8b2e wp-block-group-is-layout-constrained\" style=\"margin-top:-70px;padding-right:var(--wp--preset--spacing--medium);padding-left:var(--wp--preset--spacing--medium)\">\n<div class=\"wp-block-columns is-layout-flex wp-container-core-columns-is-layout-f619a8c7 wp-block-columns-is-layout-flex\">\n<div class=\"wp-block-column is-layout-flow wp-block-column-is-layout-flow\"><\/div>\n\n\n\n<div class=\"wp-block-column is-layout-flow wp-block-column-is-layout-flow\"><\/div>\n<\/div>\n<\/div>\n\n\n\n<figure class=\"wp-block-image aligncenter size-full\"><img loading=\"lazy\" decoding=\"async\" width=\"1443\" height=\"810\" src=\"https:\/\/jyprimeconsulting.com\/wp-content\/uploads\/2025\/08\/Image-12.png\" alt=\"\" class=\"wp-image-203\" srcset=\"https:\/\/jyprimeconsulting.com\/wp-content\/uploads\/2025\/08\/Image-12.png 1443w, https:\/\/jyprimeconsulting.com\/wp-content\/uploads\/2025\/08\/Image-12-300x168.png 300w, https:\/\/jyprimeconsulting.com\/wp-content\/uploads\/2025\/08\/Image-12-1024x575.png 1024w, https:\/\/jyprimeconsulting.com\/wp-content\/uploads\/2025\/08\/Image-12-768x431.png 768w\" sizes=\"auto, (max-width: 1443px) 100vw, 1443px\" \/><\/figure>\n<\/div>\n<\/div>\n\n\n\n<div class=\"wp-block-columns is-style-bk-box-shadow is-layout-flex wp-container-core-columns-is-layout-28f84493 wp-block-columns-is-layout-flex\">\n<div class=\"wp-block-column is-layout-flow wp-block-column-is-layout-flow\" style=\"flex-basis:100%\">\n<div class=\"wp-block-cover aligncenter is-light\" style=\"padding-top:var(--wp--preset--spacing--small);padding-right:var(--wp--preset--spacing--small);padding-bottom:var(--wp--preset--spacing--small);padding-left:var(--wp--preset--spacing--small);box-shadow:var(--wp--preset--shadow--natural);min-height:50px;aspect-ratio:unset;\"><span aria-hidden=\"true\" class=\"wp-block-cover__background has-pure-white-background-color has-background-dim-100 has-background-dim\"><\/span><div class=\"wp-block-cover__inner-container has-global-padding is-layout-constrained wp-container-core-cover-is-layout-9a4c8acf wp-block-cover-is-layout-constrained\">\n<div class=\"wp-block-group is-layout-flex wp-container-core-group-is-layout-c8b6bfc8 wp-block-group-is-layout-flex\">\n<h3 class=\"wp-block-heading has-text-align-center has-highlight-color has-light-background-color has-text-color has-background has-link-color wp-elements-d949fee2b99d8ef4f3cadc4ff72fac24 wp-container-content-759e20a8\" style=\"padding-top:var(--wp--preset--spacing--x-small);padding-right:var(--wp--preset--spacing--x-small);padding-bottom:var(--wp--preset--spacing--x-small);padding-left:var(--wp--preset--spacing--x-small)\">01.<\/h3>\n\n\n\n<div class=\"wp-block-group wp-container-content-8eb0bdf3 has-global-padding is-layout-constrained wp-container-core-group-is-layout-c40a8074 wp-block-group-is-layout-constrained\">\n<h5 class=\"wp-block-heading\" style=\"font-style:normal;font-weight:600\">Obtenez des conseils professionnels<\/h5>\n\n\n\n<p>Nos experts vous offrent des recommandations claires et concr\u00e8tes, parfaitement adapt\u00e9es aux besoins de votre entreprise.<\/p>\n<\/div>\n\n\n\n<div class=\"wp-block-group is-layout-flex wp-container-core-group-is-layout-c8b6bfc8 wp-block-group-is-layout-flex\">\n<h3 class=\"wp-block-heading has-text-align-center has-highlight-color has-light-background-color has-text-color has-background has-link-color wp-elements-356a05d6bc5841f316cf8aa26f84bae0 wp-container-content-759e20a8\" style=\"padding-top:var(--wp--preset--spacing--x-small);padding-right:var(--wp--preset--spacing--x-small);padding-bottom:var(--wp--preset--spacing--x-small);padding-left:var(--wp--preset--spacing--x-small)\">02.<\/h3>\n\n\n\n<div class=\"wp-block-group wp-container-content-8eb0bdf3 has-global-padding is-layout-constrained wp-container-core-group-is-layout-c40a8074 wp-block-group-is-layout-constrained\">\n<h5 class=\"wp-block-heading\" style=\"font-style:normal;font-weight:600\">Professionnels de confiance<\/h5>\n\n\n\n<p>Nous proposons des strat\u00e9gies \u00e9prouv\u00e9es et des analyses fiables.<\/p>\n<\/div>\n<\/div>\n<\/div>\n<\/div><\/div>\n<\/div>\n<\/div>\n\n\n\n<div class=\"wp-block-group alignfull has-surface-background-color has-background has-global-padding is-layout-constrained wp-container-core-group-is-layout-8c57efd8 wp-block-group-is-layout-constrained\" style=\"padding-top:100px;padding-right:var(--wp--preset--spacing--x-small);padding-bottom:100px;padding-left:var(--wp--preset--spacing--x-small)\">\n<div class=\"wp-block-columns is-layout-flex wp-container-core-columns-is-layout-b112d124 wp-block-columns-is-layout-flex\">\n<div class=\"wp-block-column is-vertically-aligned-center is-layout-flow wp-block-column-is-layout-flow\" style=\"flex-basis:60%\">\n<div class=\"wp-block-group has-global-padding is-layout-constrained wp-container-core-group-is-layout-7d0d3654 wp-block-group-is-layout-constrained\">\n<h6 class=\"wp-block-heading has-text-align-left has-highlight-color has-text-color has-link-color has-body-font-family has-x-small-font-size wp-elements-6b49ea2f8c1279b5fbf31bdee314b8aa\">APPEL \u00c0 L\u2019ACTION<\/h6>\n\n\n\n<h3 class=\"wp-block-heading has-text-align-left has-body-font-family has-xxx-large-font-size\" style=\"font-style:normal;font-weight:700;line-height:1.1\">Optimisez vos choix d\u00e8s maintenant. Lancez votre projet !<\/h3>\n<\/div>\n<\/div>\n\n\n\n<div class=\"wp-block-column is-vertically-aligned-center is-layout-flow wp-container-core-column-is-layout-8a368f38 wp-block-column-is-layout-flow\" style=\"flex-basis:8px\"><\/div>\n\n\n\n<div class=\"wp-block-column is-vertically-aligned-center is-layout-flow wp-container-core-column-is-layout-8a368f38 wp-block-column-is-layout-flow\" style=\"flex-basis:32%\">\n<div class=\"wp-block-buttons is-layout-flex wp-container-core-buttons-is-layout-64c03733 wp-block-buttons-is-layout-flex\" style=\"margin-top:var(--wp--preset--spacing--large)\">\n<div class=\"wp-block-button\"><a class=\"wp-block-button__link wp-element-button\" href=\"https:\/\/jyprimeconsulting.com\/fr\/contact\/\" style=\"padding-top:var(--wp--preset--spacing--x-small);padding-bottom:var(--wp--preset--spacing--x-small)\">D\u00c9MARRER<\/a><\/div>\n\n\n\n<div class=\"wp-block-button is-style-outline is-style-outline--1\"><a class=\"wp-block-button__link has-border-color has-secondary-border-color wp-element-button\" style=\"border-width:1px;padding-top:var(--wp--preset--spacing--x-small);padding-bottom:var(--wp--preset--spacing--x-small)\">PLUS D\u2019INFOS<\/a><\/div>\n<\/div>\n<\/div>\n<\/div>\n<\/div>\n<\/div>\n\n\n\n<p><\/p>\n","protected":false},"excerpt":{"rendered":"<p>INTRODUCTION Accompagner les entreprises dans la complexit\u00e9 financi\u00e8re avec confiance Chez JY Prime Consulting, nous aidons les entreprises et les particuliers \u00e0 naviguer dans les complexit\u00e9s de la finance avec clart\u00e9 et assurance. Notre mission est de fournir des solutions concr\u00e8tes et personnalis\u00e9es, favorisant une croissance durable et une cr\u00e9ation de valeur \u00e0 long terme. [&hellip;]<\/p>\n","protected":false},"author":1,"featured_media":0,"parent":0,"menu_order":0,"comment_status":"closed","ping_status":"closed","template":"page-no-gap","meta":{"footnotes":""},"class_list":["post-154","page","type-page","status-publish","hentry"],"yoast_head":"<!-- This site is optimized with the Yoast SEO plugin v27.4 - https:\/\/yoast.com\/product\/yoast-seo-wordpress\/ -->\n<title>Notre engagement<\/title>\n<meta name=\"robots\" content=\"index, follow, max-snippet:-1, max-image-preview:large, max-video-preview:-1\" \/>\n<link rel=\"canonical\" href=\"https:\/\/jyprimeconsulting.com\/fr\/about\/\" \/>\n<meta property=\"og:locale\" content=\"fr_FR\" \/>\n<meta property=\"og:locale:alternate\" content=\"en_US\" \/>\n<meta property=\"og:type\" content=\"article\" \/>\n<meta property=\"og:title\" content=\"Notre engagement\" \/>\n<meta property=\"og:description\" content=\"INTRODUCTION Accompagner les entreprises dans la complexit\u00e9 financi\u00e8re avec confiance Chez JY Prime Consulting, nous aidons les entreprises et les particuliers \u00e0 naviguer dans les complexit\u00e9s de la finance avec clart\u00e9 et assurance. Notre mission est de fournir des solutions concr\u00e8tes et personnalis\u00e9es, favorisant une croissance durable et une cr\u00e9ation de valeur \u00e0 long terme. [&hellip;]\" \/>\n<meta property=\"og:url\" content=\"https:\/\/jyprimeconsulting.com\/fr\/about\/\" \/>\n<meta property=\"og:site_name\" content=\"JY Prime Consulting\" \/>\n<meta property=\"article:modified_time\" content=\"2025-09-12T14:41:53+00:00\" \/>\n<meta property=\"og:image\" content=\"https:\/\/jyprimeconsulting.com\/wp-content\/uploads\/2025\/08\/Jaco-photo-1.jpg\" \/>\n\t<meta property=\"og:image:width\" content=\"1560\" \/>\n\t<meta property=\"og:image:height\" content=\"2016\" \/>\n\t<meta property=\"og:image:type\" content=\"image\/jpeg\" \/>\n<meta name=\"twitter:card\" content=\"summary_large_image\" \/>\n<meta name=\"twitter:label1\" content=\"Dur\u00e9e de lecture estim\u00e9e\" \/>\n\t<meta name=\"twitter:data1\" content=\"2 minutes\" \/>\n<script type=\"application\/ld+json\" class=\"yoast-schema-graph\">{\"@context\":\"https:\\\/\\\/schema.org\",\"@graph\":[{\"@type\":\"WebPage\",\"@id\":\"https:\\\/\\\/jyprimeconsulting.com\\\/en\\\/about\\\/\",\"url\":\"https:\\\/\\\/jyprimeconsulting.com\\\/en\\\/about\\\/\",\"name\":\"Notre engagement\",\"isPartOf\":{\"@id\":\"https:\\\/\\\/jyprimeconsulting.com\\\/en\\\/#website\"},\"primaryImageOfPage\":{\"@id\":\"https:\\\/\\\/jyprimeconsulting.com\\\/en\\\/about\\\/#primaryimage\"},\"image\":{\"@id\":\"https:\\\/\\\/jyprimeconsulting.com\\\/en\\\/about\\\/#primaryimage\"},\"thumbnailUrl\":\"http:\\\/\\\/jyprimeconsulting.com\\\/wp-content\\\/uploads\\\/2025\\\/08\\\/Jaco-photo-1.jpg\",\"datePublished\":\"2024-02-01T10:28:06+00:00\",\"dateModified\":\"2025-09-12T14:41:53+00:00\",\"breadcrumb\":{\"@id\":\"https:\\\/\\\/jyprimeconsulting.com\\\/en\\\/about\\\/#breadcrumb\"},\"inLanguage\":\"fr-FR\",\"potentialAction\":[{\"@type\":\"ReadAction\",\"target\":[\"https:\\\/\\\/jyprimeconsulting.com\\\/en\\\/about\\\/\"]}]},{\"@type\":\"ImageObject\",\"inLanguage\":\"fr-FR\",\"@id\":\"https:\\\/\\\/jyprimeconsulting.com\\\/en\\\/about\\\/#primaryimage\",\"url\":\"http:\\\/\\\/jyprimeconsulting.com\\\/wp-content\\\/uploads\\\/2025\\\/08\\\/Jaco-photo-1.jpg\",\"contentUrl\":\"http:\\\/\\\/jyprimeconsulting.com\\\/wp-content\\\/uploads\\\/2025\\\/08\\\/Jaco-photo-1.jpg\"},{\"@type\":\"BreadcrumbList\",\"@id\":\"https:\\\/\\\/jyprimeconsulting.com\\\/en\\\/about\\\/#breadcrumb\",\"itemListElement\":[{\"@type\":\"ListItem\",\"position\":1,\"name\":\"Accueil\",\"item\":\"https:\\\/\\\/jyprimeconsulting.com\\\/en\\\/\"},{\"@type\":\"ListItem\",\"position\":2,\"name\":\"Notre engagement\"}]},{\"@type\":\"WebSite\",\"@id\":\"https:\\\/\\\/jyprimeconsulting.com\\\/en\\\/#website\",\"url\":\"https:\\\/\\\/jyprimeconsulting.com\\\/en\\\/\",\"name\":\"JY Prime Consulting\",\"description\":\"\",\"publisher\":{\"@id\":\"https:\\\/\\\/jyprimeconsulting.com\\\/en\\\/#organization\"},\"potentialAction\":[{\"@type\":\"SearchAction\",\"target\":{\"@type\":\"EntryPoint\",\"urlTemplate\":\"https:\\\/\\\/jyprimeconsulting.com\\\/en\\\/?s={search_term_string}\"},\"query-input\":{\"@type\":\"PropertyValueSpecification\",\"valueRequired\":true,\"valueName\":\"search_term_string\"}}],\"inLanguage\":\"fr-FR\"},{\"@type\":\"Organization\",\"@id\":\"https:\\\/\\\/jyprimeconsulting.com\\\/en\\\/#organization\",\"name\":\"JY Prime Consulting\",\"url\":\"https:\\\/\\\/jyprimeconsulting.com\\\/en\\\/\",\"logo\":{\"@type\":\"ImageObject\",\"inLanguage\":\"fr-FR\",\"@id\":\"https:\\\/\\\/jyprimeconsulting.com\\\/en\\\/#\\\/schema\\\/logo\\\/image\\\/\",\"url\":\"https:\\\/\\\/jyprimeconsulting.com\\\/wp-content\\\/uploads\\\/2025\\\/08\\\/Black-And-White-Classic-Initials-PS-Consulting-Logo-.png\",\"contentUrl\":\"https:\\\/\\\/jyprimeconsulting.com\\\/wp-content\\\/uploads\\\/2025\\\/08\\\/Black-And-White-Classic-Initials-PS-Consulting-Logo-.png\",\"width\":500,\"height\":500,\"caption\":\"JY Prime Consulting\"},\"image\":{\"@id\":\"https:\\\/\\\/jyprimeconsulting.com\\\/en\\\/#\\\/schema\\\/logo\\\/image\\\/\"},\"sameAs\":[\"https:\\\/\\\/www.linkedin.com\\\/in\\\/jeanjacques-yammine-334171112\\\/\"]}]}<\/script>\n<!-- \/ Yoast SEO plugin. -->","yoast_head_json":{"title":"Notre engagement","robots":{"index":"index","follow":"follow","max-snippet":"max-snippet:-1","max-image-preview":"max-image-preview:large","max-video-preview":"max-video-preview:-1"},"canonical":"https:\/\/jyprimeconsulting.com\/fr\/about\/","og_locale":"fr_FR","og_type":"article","og_title":"[:en]What Drives Us[:fr]Notre engagement[:] - JY Prime Consulting","og_description":"INTRODUCTION Accompagner les entreprises dans la complexit\u00e9 financi\u00e8re avec confiance Chez JY Prime Consulting, nous aidons les entreprises et les particuliers \u00e0 naviguer dans les complexit\u00e9s de la finance avec clart\u00e9 et assurance. Notre mission est de fournir des solutions concr\u00e8tes et personnalis\u00e9es, favorisant une croissance durable et une cr\u00e9ation de valeur \u00e0 long terme. [&hellip;]","og_url":"https:\/\/jyprimeconsulting.com\/fr\/about\/","og_site_name":"JY Prime Consulting","article_modified_time":"2025-09-12T14:41:53+00:00","og_image":[{"width":1560,"height":2016,"url":"https:\/\/jyprimeconsulting.com\/wp-content\/uploads\/2025\/08\/Jaco-photo-1.jpg","type":"image\/jpeg"}],"twitter_card":"summary_large_image","twitter_misc":{"Dur\u00e9e de lecture estim\u00e9e":"2 minutes"},"schema":{"@context":"https:\/\/schema.org","@graph":[{"@type":"WebPage","@id":"https:\/\/jyprimeconsulting.com\/en\/about\/","url":"https:\/\/jyprimeconsulting.com\/en\/about\/","name":"Notre engagement","isPartOf":{"@id":"https:\/\/jyprimeconsulting.com\/en\/#website"},"primaryImageOfPage":{"@id":"https:\/\/jyprimeconsulting.com\/en\/about\/#primaryimage"},"image":{"@id":"https:\/\/jyprimeconsulting.com\/en\/about\/#primaryimage"},"thumbnailUrl":"http:\/\/jyprimeconsulting.com\/wp-content\/uploads\/2025\/08\/Jaco-photo-1.jpg","datePublished":"2024-02-01T10:28:06+00:00","dateModified":"2025-09-12T14:41:53+00:00","breadcrumb":{"@id":"https:\/\/jyprimeconsulting.com\/en\/about\/#breadcrumb"},"inLanguage":"fr-FR","potentialAction":[{"@type":"ReadAction","target":["https:\/\/jyprimeconsulting.com\/en\/about\/"]}]},{"@type":"ImageObject","inLanguage":"fr-FR","@id":"https:\/\/jyprimeconsulting.com\/en\/about\/#primaryimage","url":"http:\/\/jyprimeconsulting.com\/wp-content\/uploads\/2025\/08\/Jaco-photo-1.jpg","contentUrl":"http:\/\/jyprimeconsulting.com\/wp-content\/uploads\/2025\/08\/Jaco-photo-1.jpg"},{"@type":"BreadcrumbList","@id":"https:\/\/jyprimeconsulting.com\/en\/about\/#breadcrumb","itemListElement":[{"@type":"ListItem","position":1,"name":"Accueil","item":"https:\/\/jyprimeconsulting.com\/en\/"},{"@type":"ListItem","position":2,"name":"Notre engagement"}]},{"@type":"WebSite","@id":"https:\/\/jyprimeconsulting.com\/en\/#website","url":"https:\/\/jyprimeconsulting.com\/en\/","name":"JY Prime Consulting","description":"","publisher":{"@id":"https:\/\/jyprimeconsulting.com\/en\/#organization"},"potentialAction":[{"@type":"SearchAction","target":{"@type":"EntryPoint","urlTemplate":"https:\/\/jyprimeconsulting.com\/en\/?s={search_term_string}"},"query-input":{"@type":"PropertyValueSpecification","valueRequired":true,"valueName":"search_term_string"}}],"inLanguage":"fr-FR"},{"@type":"Organization","@id":"https:\/\/jyprimeconsulting.com\/en\/#organization","name":"JY Prime Consulting","url":"https:\/\/jyprimeconsulting.com\/en\/","logo":{"@type":"ImageObject","inLanguage":"fr-FR","@id":"https:\/\/jyprimeconsulting.com\/en\/#\/schema\/logo\/image\/","url":"https:\/\/jyprimeconsulting.com\/wp-content\/uploads\/2025\/08\/Black-And-White-Classic-Initials-PS-Consulting-Logo-.png","contentUrl":"https:\/\/jyprimeconsulting.com\/wp-content\/uploads\/2025\/08\/Black-And-White-Classic-Initials-PS-Consulting-Logo-.png","width":500,"height":500,"caption":"JY Prime Consulting"},"image":{"@id":"https:\/\/jyprimeconsulting.com\/en\/#\/schema\/logo\/image\/"},"sameAs":["https:\/\/www.linkedin.com\/in\/jeanjacques-yammine-334171112\/"]}]}},"_links":{"self":[{"href":"https:\/\/jyprimeconsulting.com\/fr\/wp-json\/wp\/v2\/pages\/154","targetHints":{"allow":["GET"]}}],"collection":[{"href":"https:\/\/jyprimeconsulting.com\/fr\/wp-json\/wp\/v2\/pages"}],"about":[{"href":"https:\/\/jyprimeconsulting.com\/fr\/wp-json\/wp\/v2\/types\/page"}],"author":[{"embeddable":true,"href":"https:\/\/jyprimeconsulting.com\/fr\/wp-json\/wp\/v2\/users\/1"}],"replies":[{"embeddable":true,"href":"https:\/\/jyprimeconsulting.com\/fr\/wp-json\/wp\/v2\/comments?post=154"}],"version-history":[{"count":15,"href":"https:\/\/jyprimeconsulting.com\/fr\/wp-json\/wp\/v2\/pages\/154\/revisions"}],"predecessor-version":[{"id":502,"href":"https:\/\/jyprimeconsulting.com\/fr\/wp-json\/wp\/v2\/pages\/154\/revisions\/502"}],"wp:attachment":[{"href":"https:\/\/jyprimeconsulting.com\/fr\/wp-json\/wp\/v2\/media?parent=154"}],"curies":[{"name":"wp","href":"https:\/\/api.w.org\/{rel}","templated":true}]}}