{"id":312,"date":"2025-09-01T13:48:40","date_gmt":"2025-09-01T13:48:40","guid":{"rendered":"https:\/\/jyprimeconsulting.com\/?page_id=312"},"modified":"2025-09-09T08:35:27","modified_gmt":"2025-09-09T08:35:27","slug":"contact-2","status":"publish","type":"page","link":"https:\/\/jyprimeconsulting.com\/fr\/contact-2\/","title":{"rendered":"Votre r\u00e9ussite financi\u00e8re commence ici"},"content":{"rendered":"\n<div class=\"wp-block-group has-global-padding is-layout-constrained wp-block-group-is-layout-constrained\">\n<div class=\"wp-block-group alignfull has-surface-background-color has-background has-global-padding is-layout-constrained wp-container-core-group-is-layout-8c57efd8 wp-block-group-is-layout-constrained\" style=\"padding-top:100px;padding-right:var(--wp--preset--spacing--x-small);padding-bottom:100px;padding-left:var(--wp--preset--spacing--x-small)\">\n<div class=\"wp-block-columns is-layout-flex wp-container-core-columns-is-layout-abc2cfea wp-block-columns-is-layout-flex\">\n<div class=\"wp-block-column is-vertically-aligned-top is-layout-flow wp-container-core-column-is-layout-360d14ef wp-block-column-is-layout-flow\">\n<div class=\"wp-block-group has-global-padding is-layout-constrained wp-container-core-group-is-layout-7d0d3654 wp-block-group-is-layout-constrained\">\n<h6 class=\"wp-block-heading has-text-align-left has-highlight-color has-text-color has-link-color has-body-font-family has-x-small-font-size wp-elements-1f3f280862c6f70ee7fb75260f8e5835\">Nous contacter<\/h6>\n\n\n\n<h3 class=\"wp-block-heading has-text-align-left has-body-font-family has-xxx-large-font-size\" style=\"font-style:normal;font-weight:700;line-height:1.1\">Associez-vous \u00e0 nos experts<\/h3>\n<\/div>\n\n\n\n<p>Faites le prochain pas vers une meilleure visibilit\u00e9 financi\u00e8re et la croissance de votre entreprise. Notre \u00e9quipe de consultants exp\u00e9riment\u00e9s propose des solutions sur mesure pour vous aider \u00e0 atteindre vos objectifs de mani\u00e8re efficace et en toute confiance.<\/p>\n\n\n\n<div class=\"wp-block-group is-layout-grid wp-container-core-group-is-layout-60dbd815 wp-block-group-is-layout-grid\">\n<div class=\"wp-block-group has-pure-white-background-color has-background has-global-padding is-layout-constrained wp-container-core-group-is-layout-9a4c8acf wp-block-group-is-layout-constrained\" style=\"padding-top:var(--wp--preset--spacing--small);padding-right:var(--wp--preset--spacing--small);padding-bottom:var(--wp--preset--spacing--small);padding-left:var(--wp--preset--spacing--small)\">\n<div class=\"wp-block-group is-content-justification-center is-nowrap is-layout-flex wp-container-core-group-is-layout-23441af8 wp-block-group-is-layout-flex\">\n<div class=\"wp-block-group has-highlight-background-color has-background has-global-padding is-layout-constrained wp-container-core-group-is-layout-8a6205be wp-block-group-is-layout-constrained\" style=\"border-radius:100%;padding-top:20px;padding-right:var(--wp--preset--spacing--small);padding-bottom:22px;padding-left:var(--wp--preset--spacing--small)\">\n<figure class=\"wp-block-image size-full is-resized\"><img decoding=\"async\" src=\"http:\/\/jyprimeconsulting.com\/wp-content\/uploads\/2025\/06\/contact-img1-1.png\" alt=\"\" class=\"wp-image-261\" style=\"width:20px\"\/><\/figure>\n<\/div>\n<\/div>\n\n\n\n<h5 class=\"wp-block-heading has-text-align-center\" style=\"margin-top:var(--wp--preset--spacing--small);font-style:normal;font-weight:600\">Num\u00e9ro de t\u00e9l\u00e9phone<\/h5>\n\n\n\n<div class=\"wp-block-group has-global-padding is-layout-constrained wp-container-core-group-is-layout-19e250f3 wp-block-group-is-layout-constrained\">\n<p class=\"has-text-align-center\">T\u00e9l\u00e9phone : +33 06 24 20 88 12<\/p>\n\n\n\n<p class=\"has-text-align-center\"><\/p>\n<\/div>\n<\/div>\n\n\n\n<div class=\"wp-block-group has-pure-white-background-color has-background has-global-padding is-layout-constrained wp-container-core-group-is-layout-9a4c8acf wp-block-group-is-layout-constrained\" style=\"padding-top:var(--wp--preset--spacing--small);padding-right:var(--wp--preset--spacing--small);padding-bottom:var(--wp--preset--spacing--small);padding-left:var(--wp--preset--spacing--small)\">\n<div class=\"wp-block-group is-content-justification-center is-nowrap is-layout-flex wp-container-core-group-is-layout-23441af8 wp-block-group-is-layout-flex\">\n<div class=\"wp-block-group has-highlight-background-color has-background has-global-padding is-layout-constrained wp-container-core-group-is-layout-8a6205be wp-block-group-is-layout-constrained\" style=\"border-radius:100%;padding-top:20px;padding-right:var(--wp--preset--spacing--small);padding-bottom:22px;padding-left:var(--wp--preset--spacing--small)\">\n<figure class=\"wp-block-image size-full is-resized\"><img decoding=\"async\" src=\"http:\/\/jyprimeconsulting.com\/wp-content\/uploads\/2025\/06\/contact-img2-1.png\" alt=\"\" class=\"wp-image-260\" style=\"width:20px\"\/><\/figure>\n<\/div>\n<\/div>\n\n\n\n<h5 class=\"wp-block-heading has-text-align-center\" style=\"margin-top:var(--wp--preset--spacing--small);font-style:normal;font-weight:600\">Adresse Mail<\/h5>\n\n\n\n<div class=\"wp-block-group has-global-padding is-layout-constrained wp-container-core-group-is-layout-19e250f3 wp-block-group-is-layout-constrained\">\n<p class=\"has-text-align-center\">contact@jyprimeconsulting.com<\/p>\n<\/div>\n<\/div>\n\n\n\n<div class=\"wp-block-group has-pure-white-background-color has-background has-global-padding is-layout-constrained wp-container-core-group-is-layout-9a4c8acf wp-block-group-is-layout-constrained\" style=\"padding-top:var(--wp--preset--spacing--small);padding-right:var(--wp--preset--spacing--small);padding-bottom:var(--wp--preset--spacing--small);padding-left:var(--wp--preset--spacing--small)\">\n<div class=\"wp-block-group is-content-justification-center is-nowrap is-layout-flex wp-container-core-group-is-layout-23441af8 wp-block-group-is-layout-flex\">\n<div class=\"wp-block-group has-highlight-background-color has-background has-global-padding is-layout-constrained wp-container-core-group-is-layout-8a6205be wp-block-group-is-layout-constrained\" style=\"border-radius:100%;padding-top:20px;padding-right:var(--wp--preset--spacing--small);padding-bottom:22px;padding-left:var(--wp--preset--spacing--small)\">\n<figure class=\"wp-block-image size-full is-resized\"><img decoding=\"async\" src=\"http:\/\/jyprimeconsulting.com\/wp-content\/uploads\/2025\/06\/contact-img3-1.png\" alt=\"\" class=\"wp-image-259\" style=\"width:20px\"\/><\/figure>\n<\/div>\n<\/div>\n\n\n\n<h5 class=\"wp-block-heading has-text-align-center\" style=\"margin-top:var(--wp--preset--spacing--small);font-style:normal;font-weight:600\">Adresse <\/h5>\n\n\n\n<div class=\"wp-block-group has-global-padding is-layout-constrained wp-container-core-group-is-layout-19e250f3 wp-block-group-is-layout-constrained\">\n<p class=\"has-text-align-center\">Poitiers, France<\/p>\n\n\n\n<p class=\"has-text-align-center\">           Paris, France<\/p>\n<\/div>\n<\/div>\n\n\n\n<div class=\"wp-block-group has-pure-white-background-color has-background has-global-padding is-layout-constrained wp-container-core-group-is-layout-9a4c8acf wp-block-group-is-layout-constrained\" style=\"padding-top:var(--wp--preset--spacing--small);padding-right:var(--wp--preset--spacing--small);padding-bottom:var(--wp--preset--spacing--small);padding-left:var(--wp--preset--spacing--small)\">\n<div class=\"wp-block-group is-content-justification-center is-nowrap is-layout-flex wp-container-core-group-is-layout-23441af8 wp-block-group-is-layout-flex\">\n<div class=\"wp-block-group has-highlight-background-color has-background has-global-padding is-layout-constrained wp-container-core-group-is-layout-8a6205be wp-block-group-is-layout-constrained\" style=\"border-radius:100%;padding-top:20px;padding-right:var(--wp--preset--spacing--small);padding-bottom:22px;padding-left:var(--wp--preset--spacing--small)\">\n<figure class=\"wp-block-image size-full is-resized\"><img decoding=\"async\" src=\"http:\/\/jyprimeconsulting.com\/wp-content\/uploads\/2025\/06\/contact-img4-1.png\" alt=\"\" class=\"wp-image-262\" style=\"width:20px\"\/><\/figure>\n<\/div>\n<\/div>\n\n\n\n<h5 class=\"wp-block-heading has-text-align-center\" style=\"margin-top:var(--wp--preset--spacing--small);font-style:normal;font-weight:600\">Horaires d&rsquo;ouverture<\/h5>\n\n\n\n<div class=\"wp-block-group has-global-padding is-layout-constrained wp-container-core-group-is-layout-19e250f3 wp-block-group-is-layout-constrained\">\n<p class=\"has-text-align-center\">Lun-Ven : 9:00-22:00<\/p>\n\n\n\n<p class=\"has-text-align-center\">Samedi : 11:00-14:00<\/p>\n<\/div>\n<\/div>\n<\/div>\n<\/div>\n\n\n\n<div class=\"wp-block-column is-layout-flow wp-container-core-column-is-layout-8a368f38 wp-block-column-is-layout-flow\">\n<div class=\"wp-block-contact-form-7-contact-form-selector\">\n<div class=\"wpcf7 no-js\" id=\"wpcf7-f302-o1\" lang=\"en-US\" dir=\"ltr\" data-wpcf7-id=\"302\">\n<div class=\"screen-reader-response\"><p role=\"status\" aria-live=\"polite\" aria-atomic=\"true\"><\/p> <ul><\/ul><\/div>\n<form action=\"\/fr\/wp-json\/wp\/v2\/pages\/312#wpcf7-f302-o1\" method=\"post\" class=\"wpcf7-form init\" aria-label=\"Contact form\" novalidate=\"novalidate\" data-status=\"init\">\n<fieldset class=\"hidden-fields-container\"><input type=\"hidden\" name=\"_wpcf7\" value=\"302\" \/><input type=\"hidden\" name=\"_wpcf7_version\" value=\"6.1.5\" \/><input type=\"hidden\" name=\"_wpcf7_locale\" value=\"en_US\" \/><input type=\"hidden\" name=\"_wpcf7_unit_tag\" value=\"wpcf7-f302-o1\" \/><input type=\"hidden\" name=\"_wpcf7_container_post\" value=\"0\" \/><input type=\"hidden\" name=\"_wpcf7_posted_data_hash\" value=\"\" \/><input type=\"hidden\" name=\"lang\" value=\"fr\" \/>\n<\/fieldset>\n<p><label> Your name<br \/>\n<span class=\"wpcf7-form-control-wrap\" data-name=\"your-name\"><input size=\"40\" maxlength=\"400\" class=\"wpcf7-form-control wpcf7-text wpcf7-validates-as-required\" autocomplete=\"name\" aria-required=\"true\" aria-invalid=\"false\" value=\"\" type=\"text\" name=\"your-name\" \/><\/span> <\/label>\n<\/p>\n<p><label> Your email<br \/>\n<span class=\"wpcf7-form-control-wrap\" data-name=\"your-email\"><input size=\"40\" maxlength=\"400\" class=\"wpcf7-form-control wpcf7-email wpcf7-validates-as-required wpcf7-text wpcf7-validates-as-email\" autocomplete=\"email\" aria-required=\"true\" aria-invalid=\"false\" value=\"\" type=\"email\" name=\"your-email\" \/><\/span> <\/label>\n<\/p>\n<p><label> Subject<br \/>\n<span class=\"wpcf7-form-control-wrap\" data-name=\"your-subject\"><input size=\"40\" maxlength=\"400\" class=\"wpcf7-form-control wpcf7-text wpcf7-validates-as-required\" aria-required=\"true\" aria-invalid=\"false\" value=\"\" type=\"text\" name=\"your-subject\" \/><\/span> <\/label>\n<\/p>\n<p><label> Your message (optional)<br \/>\n<span class=\"wpcf7-form-control-wrap\" data-name=\"your-message\"><textarea cols=\"40\" rows=\"10\" maxlength=\"2000\" class=\"wpcf7-form-control wpcf7-textarea\" aria-invalid=\"false\" name=\"your-message\"><\/textarea><\/span> <\/label>\n<\/p>\n<p><input class=\"wpcf7-form-control wpcf7-submit has-spinner\" type=\"submit\" value=\"Submit\" \/>\n<\/p><div class=\"wpcf7-response-output\" aria-hidden=\"true\"><\/div>\n<\/form>\n<\/div>\n<\/div>\n\n\n\n<div class=\"wp-block-group has-global-padding is-layout-constrained wp-block-group-is-layout-constrained\" style=\"margin-top:var(--wp--preset--spacing--large)\">\n<h5 class=\"wp-block-heading\">Suivez nous sur les r\u00e9seaux sociaux :<\/h5>\n\n\n\n<ul class=\"wp-block-social-links is-layout-flex wp-container-core-social-links-is-layout-5c2ea9a2 wp-block-social-links-is-layout-flex\"><li class=\"wp-social-link wp-social-link-x  wp-block-social-link\"><a href=\"#\" class=\"wp-block-social-link-anchor\"><svg width=\"24\" height=\"24\" viewBox=\"0 0 24 24\" version=\"1.1\" xmlns=\"http:\/\/www.w3.org\/2000\/svg\" aria-hidden=\"true\" focusable=\"false\"><path d=\"M13.982 10.622 20.54 3h-1.554l-5.693 6.618L8.745 3H3.5l6.876 10.007L3.5 21h1.554l6.012-6.989L15.868 21h5.245l-7.131-10.378Zm-2.128 2.474-.697-.997-5.543-7.93H8l4.474 6.4.697.996 5.815 8.318h-2.387l-4.745-6.787Z\" \/><\/svg><span class=\"wp-block-social-link-label screen-reader-text\">X<\/span><\/a><\/li>\n\n<li class=\"wp-social-link wp-social-link-instagram  wp-block-social-link\"><a href=\"#\" class=\"wp-block-social-link-anchor\"><svg width=\"24\" height=\"24\" viewBox=\"0 0 24 24\" version=\"1.1\" xmlns=\"http:\/\/www.w3.org\/2000\/svg\" aria-hidden=\"true\" focusable=\"false\"><path d=\"M12,4.622c2.403,0,2.688,0.009,3.637,0.052c0.877,0.04,1.354,0.187,1.671,0.31c0.42,0.163,0.72,0.358,1.035,0.673 c0.315,0.315,0.51,0.615,0.673,1.035c0.123,0.317,0.27,0.794,0.31,1.671c0.043,0.949,0.052,1.234,0.052,3.637 s-0.009,2.688-0.052,3.637c-0.04,0.877-0.187,1.354-0.31,1.671c-0.163,0.42-0.358,0.72-0.673,1.035 c-0.315,0.315-0.615,0.51-1.035,0.673c-0.317,0.123-0.794,0.27-1.671,0.31c-0.949,0.043-1.233,0.052-3.637,0.052 s-2.688-0.009-3.637-0.052c-0.877-0.04-1.354-0.187-1.671-0.31c-0.42-0.163-0.72-0.358-1.035-0.673 c-0.315-0.315-0.51-0.615-0.673-1.035c-0.123-0.317-0.27-0.794-0.31-1.671C4.631,14.688,4.622,14.403,4.622,12 s0.009-2.688,0.052-3.637c0.04-0.877,0.187-1.354,0.31-1.671c0.163-0.42,0.358-0.72,0.673-1.035 c0.315-0.315,0.615-0.51,1.035-0.673c0.317-0.123,0.794-0.27,1.671-0.31C9.312,4.631,9.597,4.622,12,4.622 M12,3 C9.556,3,9.249,3.01,8.289,3.054C7.331,3.098,6.677,3.25,6.105,3.472C5.513,3.702,5.011,4.01,4.511,4.511 c-0.5,0.5-0.808,1.002-1.038,1.594C3.25,6.677,3.098,7.331,3.054,8.289C3.01,9.249,3,9.556,3,12c0,2.444,0.01,2.751,0.054,3.711 c0.044,0.958,0.196,1.612,0.418,2.185c0.23,0.592,0.538,1.094,1.038,1.594c0.5,0.5,1.002,0.808,1.594,1.038 c0.572,0.222,1.227,0.375,2.185,0.418C9.249,20.99,9.556,21,12,21s2.751-0.01,3.711-0.054c0.958-0.044,1.612-0.196,2.185-0.418 c0.592-0.23,1.094-0.538,1.594-1.038c0.5-0.5,0.808-1.002,1.038-1.594c0.222-0.572,0.375-1.227,0.418-2.185 C20.99,14.751,21,14.444,21,12s-0.01-2.751-0.054-3.711c-0.044-0.958-0.196-1.612-0.418-2.185c-0.23-0.592-0.538-1.094-1.038-1.594 c-0.5-0.5-1.002-0.808-1.594-1.038c-0.572-0.222-1.227-0.375-2.185-0.418C14.751,3.01,14.444,3,12,3L12,3z M12,7.378 c-2.552,0-4.622,2.069-4.622,4.622S9.448,16.622,12,16.622s4.622-2.069,4.622-4.622S14.552,7.378,12,7.378z M12,15 c-1.657,0-3-1.343-3-3s1.343-3,3-3s3,1.343,3,3S13.657,15,12,15z M16.804,6.116c-0.596,0-1.08,0.484-1.08,1.08 s0.484,1.08,1.08,1.08c0.596,0,1.08-0.484,1.08-1.08S17.401,6.116,16.804,6.116z\"><\/path><\/svg><span class=\"wp-block-social-link-label screen-reader-text\">Instagram<\/span><\/a><\/li>\n\n<li class=\"wp-social-link wp-social-link-whatsapp  wp-block-social-link\"><a href=\"#\" class=\"wp-block-social-link-anchor\"><svg width=\"24\" height=\"24\" viewBox=\"0 0 24 24\" version=\"1.1\" xmlns=\"http:\/\/www.w3.org\/2000\/svg\" aria-hidden=\"true\" focusable=\"false\"><path d=\"M 12.011719 2 C 6.5057187 2 2.0234844 6.478375 2.0214844 11.984375 C 2.0204844 13.744375 2.4814687 15.462563 3.3554688 16.976562 L 2 22 L 7.2324219 20.763672 C 8.6914219 21.559672 10.333859 21.977516 12.005859 21.978516 L 12.009766 21.978516 C 17.514766 21.978516 21.995047 17.499141 21.998047 11.994141 C 22.000047 9.3251406 20.962172 6.8157344 19.076172 4.9277344 C 17.190172 3.0407344 14.683719 2.001 12.011719 2 z M 12.009766 4 C 14.145766 4.001 16.153109 4.8337969 17.662109 6.3417969 C 19.171109 7.8517969 20.000047 9.8581875 19.998047 11.992188 C 19.996047 16.396187 16.413812 19.978516 12.007812 19.978516 C 10.674812 19.977516 9.3544062 19.642812 8.1914062 19.007812 L 7.5175781 18.640625 L 6.7734375 18.816406 L 4.8046875 19.28125 L 5.2851562 17.496094 L 5.5019531 16.695312 L 5.0878906 15.976562 C 4.3898906 14.768562 4.0204844 13.387375 4.0214844 11.984375 C 4.0234844 7.582375 7.6067656 4 12.009766 4 z M 8.4765625 7.375 C 8.3095625 7.375 8.0395469 7.4375 7.8105469 7.6875 C 7.5815469 7.9365 6.9355469 8.5395781 6.9355469 9.7675781 C 6.9355469 10.995578 7.8300781 12.182609 7.9550781 12.349609 C 8.0790781 12.515609 9.68175 15.115234 12.21875 16.115234 C 14.32675 16.946234 14.754891 16.782234 15.212891 16.740234 C 15.670891 16.699234 16.690438 16.137687 16.898438 15.554688 C 17.106437 14.971687 17.106922 14.470187 17.044922 14.367188 C 16.982922 14.263188 16.816406 14.201172 16.566406 14.076172 C 16.317406 13.951172 15.090328 13.348625 14.861328 13.265625 C 14.632328 13.182625 14.464828 13.140625 14.298828 13.390625 C 14.132828 13.640625 13.655766 14.201187 13.509766 14.367188 C 13.363766 14.534188 13.21875 14.556641 12.96875 14.431641 C 12.71875 14.305641 11.914938 14.041406 10.960938 13.191406 C 10.218937 12.530406 9.7182656 11.714844 9.5722656 11.464844 C 9.4272656 11.215844 9.5585938 11.079078 9.6835938 10.955078 C 9.7955938 10.843078 9.9316406 10.663578 10.056641 10.517578 C 10.180641 10.371578 10.223641 10.267562 10.306641 10.101562 C 10.389641 9.9355625 10.347156 9.7890625 10.285156 9.6640625 C 10.223156 9.5390625 9.737625 8.3065 9.515625 7.8125 C 9.328625 7.3975 9.131125 7.3878594 8.953125 7.3808594 C 8.808125 7.3748594 8.6425625 7.375 8.4765625 7.375 z\"><\/path><\/svg><span class=\"wp-block-social-link-label screen-reader-text\">WhatsApp<\/span><\/a><\/li><\/ul>\n<\/div>\n<\/div>\n<\/div>\n<\/div>\n<\/div>\n\n\n\n<p><\/p>\n","protected":false},"excerpt":{"rendered":"<p>Nous contacter Associez-vous \u00e0 nos experts Faites le prochain pas vers une meilleure visibilit\u00e9 financi\u00e8re et la croissance de votre entreprise. Notre \u00e9quipe de consultants exp\u00e9riment\u00e9s propose des solutions sur mesure pour vous aider \u00e0 atteindre vos objectifs de mani\u00e8re efficace et en toute confiance. Num\u00e9ro de t\u00e9l\u00e9phone T\u00e9l\u00e9phone : +33 06 24 20 88 [&hellip;]<\/p>\n","protected":false},"author":1,"featured_media":0,"parent":0,"menu_order":0,"comment_status":"closed","ping_status":"closed","template":"page-no-gap","meta":{"footnotes":""},"class_list":["post-312","page","type-page","status-publish","hentry"],"yoast_head":"<!-- This site is optimized with the Yoast SEO plugin v27.4 - https:\/\/yoast.com\/product\/yoast-seo-wordpress\/ -->\n<title>Votre r\u00e9ussite financi\u00e8re commence ici<\/title>\n<meta name=\"robots\" content=\"index, follow, max-snippet:-1, max-image-preview:large, max-video-preview:-1\" \/>\n<link rel=\"canonical\" href=\"https:\/\/jyprimeconsulting.com\/fr\/contact-2\/\" \/>\n<meta property=\"og:locale\" content=\"fr_FR\" \/>\n<meta property=\"og:locale:alternate\" content=\"en_US\" \/>\n<meta property=\"og:type\" content=\"article\" \/>\n<meta property=\"og:title\" content=\"Votre r\u00e9ussite financi\u00e8re commence ici\" \/>\n<meta property=\"og:description\" content=\"Nous contacter Associez-vous \u00e0 nos experts Faites le prochain pas vers une meilleure visibilit\u00e9 financi\u00e8re et la croissance de votre entreprise. Notre \u00e9quipe de consultants exp\u00e9riment\u00e9s propose des solutions sur mesure pour vous aider \u00e0 atteindre vos objectifs de mani\u00e8re efficace et en toute confiance. Num\u00e9ro de t\u00e9l\u00e9phone T\u00e9l\u00e9phone : +33 06 24 20 88 [&hellip;]\" \/>\n<meta property=\"og:url\" content=\"https:\/\/jyprimeconsulting.com\/fr\/contact-2\/\" \/>\n<meta property=\"og:site_name\" content=\"JY Prime Consulting\" \/>\n<meta property=\"article:modified_time\" content=\"2025-09-09T08:35:27+00:00\" \/>\n<meta name=\"twitter:card\" content=\"summary_large_image\" \/>\n<meta name=\"twitter:label1\" content=\"Dur\u00e9e de lecture estim\u00e9e\" \/>\n\t<meta name=\"twitter:data1\" content=\"1 minute\" \/>\n<script type=\"application\/ld+json\" class=\"yoast-schema-graph\">{\"@context\":\"https:\\\/\\\/schema.org\",\"@graph\":[{\"@type\":\"WebPage\",\"@id\":\"https:\\\/\\\/jyprimeconsulting.com\\\/en\\\/contact-2\\\/\",\"url\":\"https:\\\/\\\/jyprimeconsulting.com\\\/en\\\/contact-2\\\/\",\"name\":\"Votre r\u00e9ussite financi\u00e8re commence ici\",\"isPartOf\":{\"@id\":\"https:\\\/\\\/jyprimeconsulting.com\\\/en\\\/#website\"},\"primaryImageOfPage\":{\"@id\":\"https:\\\/\\\/jyprimeconsulting.com\\\/en\\\/contact-2\\\/#primaryimage\"},\"image\":{\"@id\":\"https:\\\/\\\/jyprimeconsulting.com\\\/en\\\/contact-2\\\/#primaryimage\"},\"thumbnailUrl\":\"http:\\\/\\\/jyprimeconsulting.com\\\/wp-content\\\/uploads\\\/2025\\\/06\\\/contact-img1-1.png\",\"datePublished\":\"2025-09-01T13:48:40+00:00\",\"dateModified\":\"2025-09-09T08:35:27+00:00\",\"breadcrumb\":{\"@id\":\"https:\\\/\\\/jyprimeconsulting.com\\\/en\\\/contact-2\\\/#breadcrumb\"},\"inLanguage\":\"fr-FR\",\"potentialAction\":[{\"@type\":\"ReadAction\",\"target\":[\"https:\\\/\\\/jyprimeconsulting.com\\\/en\\\/contact-2\\\/\"]}]},{\"@type\":\"ImageObject\",\"inLanguage\":\"fr-FR\",\"@id\":\"https:\\\/\\\/jyprimeconsulting.com\\\/en\\\/contact-2\\\/#primaryimage\",\"url\":\"http:\\\/\\\/jyprimeconsulting.com\\\/wp-content\\\/uploads\\\/2025\\\/06\\\/contact-img1-1.png\",\"contentUrl\":\"http:\\\/\\\/jyprimeconsulting.com\\\/wp-content\\\/uploads\\\/2025\\\/06\\\/contact-img1-1.png\"},{\"@type\":\"BreadcrumbList\",\"@id\":\"https:\\\/\\\/jyprimeconsulting.com\\\/en\\\/contact-2\\\/#breadcrumb\",\"itemListElement\":[{\"@type\":\"ListItem\",\"position\":1,\"name\":\"Accueil\",\"item\":\"https:\\\/\\\/jyprimeconsulting.com\\\/en\\\/\"},{\"@type\":\"ListItem\",\"position\":2,\"name\":\"Votre r\u00e9ussite financi\u00e8re commence ici\"}]},{\"@type\":\"WebSite\",\"@id\":\"https:\\\/\\\/jyprimeconsulting.com\\\/en\\\/#website\",\"url\":\"https:\\\/\\\/jyprimeconsulting.com\\\/en\\\/\",\"name\":\"JY Prime Consulting\",\"description\":\"\",\"publisher\":{\"@id\":\"https:\\\/\\\/jyprimeconsulting.com\\\/en\\\/#organization\"},\"potentialAction\":[{\"@type\":\"SearchAction\",\"target\":{\"@type\":\"EntryPoint\",\"urlTemplate\":\"https:\\\/\\\/jyprimeconsulting.com\\\/en\\\/?s={search_term_string}\"},\"query-input\":{\"@type\":\"PropertyValueSpecification\",\"valueRequired\":true,\"valueName\":\"search_term_string\"}}],\"inLanguage\":\"fr-FR\"},{\"@type\":\"Organization\",\"@id\":\"https:\\\/\\\/jyprimeconsulting.com\\\/en\\\/#organization\",\"name\":\"JY Prime Consulting\",\"url\":\"https:\\\/\\\/jyprimeconsulting.com\\\/en\\\/\",\"logo\":{\"@type\":\"ImageObject\",\"inLanguage\":\"fr-FR\",\"@id\":\"https:\\\/\\\/jyprimeconsulting.com\\\/en\\\/#\\\/schema\\\/logo\\\/image\\\/\",\"url\":\"https:\\\/\\\/jyprimeconsulting.com\\\/wp-content\\\/uploads\\\/2025\\\/08\\\/Black-And-White-Classic-Initials-PS-Consulting-Logo-.png\",\"contentUrl\":\"https:\\\/\\\/jyprimeconsulting.com\\\/wp-content\\\/uploads\\\/2025\\\/08\\\/Black-And-White-Classic-Initials-PS-Consulting-Logo-.png\",\"width\":500,\"height\":500,\"caption\":\"JY Prime Consulting\"},\"image\":{\"@id\":\"https:\\\/\\\/jyprimeconsulting.com\\\/en\\\/#\\\/schema\\\/logo\\\/image\\\/\"},\"sameAs\":[\"https:\\\/\\\/www.linkedin.com\\\/in\\\/jeanjacques-yammine-334171112\\\/\"]}]}<\/script>\n<!-- \/ Yoast SEO plugin. -->","yoast_head_json":{"title":"Votre r\u00e9ussite financi\u00e8re commence ici","robots":{"index":"index","follow":"follow","max-snippet":"max-snippet:-1","max-image-preview":"max-image-preview:large","max-video-preview":"max-video-preview:-1"},"canonical":"https:\/\/jyprimeconsulting.com\/fr\/contact-2\/","og_locale":"fr_FR","og_type":"article","og_title":"[:en]Take the First Step Toward Financial Success[:fr]Votre r\u00e9ussite financi\u00e8re commence ici[:] - JY Prime Consulting","og_description":"Nous contacter Associez-vous \u00e0 nos experts Faites le prochain pas vers une meilleure visibilit\u00e9 financi\u00e8re et la croissance de votre entreprise. Notre \u00e9quipe de consultants exp\u00e9riment\u00e9s propose des solutions sur mesure pour vous aider \u00e0 atteindre vos objectifs de mani\u00e8re efficace et en toute confiance. Num\u00e9ro de t\u00e9l\u00e9phone T\u00e9l\u00e9phone : +33 06 24 20 88 [&hellip;]","og_url":"https:\/\/jyprimeconsulting.com\/fr\/contact-2\/","og_site_name":"JY Prime Consulting","article_modified_time":"2025-09-09T08:35:27+00:00","twitter_card":"summary_large_image","twitter_misc":{"Dur\u00e9e de lecture estim\u00e9e":"1 minute"},"schema":{"@context":"https:\/\/schema.org","@graph":[{"@type":"WebPage","@id":"https:\/\/jyprimeconsulting.com\/en\/contact-2\/","url":"https:\/\/jyprimeconsulting.com\/en\/contact-2\/","name":"Votre r\u00e9ussite financi\u00e8re commence ici","isPartOf":{"@id":"https:\/\/jyprimeconsulting.com\/en\/#website"},"primaryImageOfPage":{"@id":"https:\/\/jyprimeconsulting.com\/en\/contact-2\/#primaryimage"},"image":{"@id":"https:\/\/jyprimeconsulting.com\/en\/contact-2\/#primaryimage"},"thumbnailUrl":"http:\/\/jyprimeconsulting.com\/wp-content\/uploads\/2025\/06\/contact-img1-1.png","datePublished":"2025-09-01T13:48:40+00:00","dateModified":"2025-09-09T08:35:27+00:00","breadcrumb":{"@id":"https:\/\/jyprimeconsulting.com\/en\/contact-2\/#breadcrumb"},"inLanguage":"fr-FR","potentialAction":[{"@type":"ReadAction","target":["https:\/\/jyprimeconsulting.com\/en\/contact-2\/"]}]},{"@type":"ImageObject","inLanguage":"fr-FR","@id":"https:\/\/jyprimeconsulting.com\/en\/contact-2\/#primaryimage","url":"http:\/\/jyprimeconsulting.com\/wp-content\/uploads\/2025\/06\/contact-img1-1.png","contentUrl":"http:\/\/jyprimeconsulting.com\/wp-content\/uploads\/2025\/06\/contact-img1-1.png"},{"@type":"BreadcrumbList","@id":"https:\/\/jyprimeconsulting.com\/en\/contact-2\/#breadcrumb","itemListElement":[{"@type":"ListItem","position":1,"name":"Accueil","item":"https:\/\/jyprimeconsulting.com\/en\/"},{"@type":"ListItem","position":2,"name":"Votre r\u00e9ussite financi\u00e8re commence ici"}]},{"@type":"WebSite","@id":"https:\/\/jyprimeconsulting.com\/en\/#website","url":"https:\/\/jyprimeconsulting.com\/en\/","name":"JY Prime Consulting","description":"","publisher":{"@id":"https:\/\/jyprimeconsulting.com\/en\/#organization"},"potentialAction":[{"@type":"SearchAction","target":{"@type":"EntryPoint","urlTemplate":"https:\/\/jyprimeconsulting.com\/en\/?s={search_term_string}"},"query-input":{"@type":"PropertyValueSpecification","valueRequired":true,"valueName":"search_term_string"}}],"inLanguage":"fr-FR"},{"@type":"Organization","@id":"https:\/\/jyprimeconsulting.com\/en\/#organization","name":"JY Prime Consulting","url":"https:\/\/jyprimeconsulting.com\/en\/","logo":{"@type":"ImageObject","inLanguage":"fr-FR","@id":"https:\/\/jyprimeconsulting.com\/en\/#\/schema\/logo\/image\/","url":"https:\/\/jyprimeconsulting.com\/wp-content\/uploads\/2025\/08\/Black-And-White-Classic-Initials-PS-Consulting-Logo-.png","contentUrl":"https:\/\/jyprimeconsulting.com\/wp-content\/uploads\/2025\/08\/Black-And-White-Classic-Initials-PS-Consulting-Logo-.png","width":500,"height":500,"caption":"JY Prime Consulting"},"image":{"@id":"https:\/\/jyprimeconsulting.com\/en\/#\/schema\/logo\/image\/"},"sameAs":["https:\/\/www.linkedin.com\/in\/jeanjacques-yammine-334171112\/"]}]}},"_links":{"self":[{"href":"https:\/\/jyprimeconsulting.com\/fr\/wp-json\/wp\/v2\/pages\/312","targetHints":{"allow":["GET"]}}],"collection":[{"href":"https:\/\/jyprimeconsulting.com\/fr\/wp-json\/wp\/v2\/pages"}],"about":[{"href":"https:\/\/jyprimeconsulting.com\/fr\/wp-json\/wp\/v2\/types\/page"}],"author":[{"embeddable":true,"href":"https:\/\/jyprimeconsulting.com\/fr\/wp-json\/wp\/v2\/users\/1"}],"replies":[{"embeddable":true,"href":"https:\/\/jyprimeconsulting.com\/fr\/wp-json\/wp\/v2\/comments?post=312"}],"version-history":[{"count":5,"href":"https:\/\/jyprimeconsulting.com\/fr\/wp-json\/wp\/v2\/pages\/312\/revisions"}],"predecessor-version":[{"id":490,"href":"https:\/\/jyprimeconsulting.com\/fr\/wp-json\/wp\/v2\/pages\/312\/revisions\/490"}],"wp:attachment":[{"href":"https:\/\/jyprimeconsulting.com\/fr\/wp-json\/wp\/v2\/media?parent=312"}],"curies":[{"name":"wp","href":"https:\/\/api.w.org\/{rel}","templated":true}]}}